{"id":4734,"date":"2021-05-30T16:51:03","date_gmt":"2021-05-30T20:51:03","guid":{"rendered":"https:\/\/teenchallengepr.org\/?post_type=product&#038;p=4734"},"modified":"2021-05-30T16:55:51","modified_gmt":"2021-05-30T20:55:51","slug":"ath-movil","status":"publish","type":"product","link":"https:\/\/teenchallengepr.org\/en\/product\/ath-movil\/","title":{"rendered":"ATH MOVIL"},"content":{"rendered":"<p>Gracias por sus oraciones, apoyo y donaciones que son vitales para que el ministerio pueda continuar\u00a0<strong>Poniendo Esperanzas al Alcance de Todos<\/strong>\u00a0y continuar ayudando a las familias que carecen de los recursos para ingresar a un ser querido en el programa.\u00a0 Todas donaci\u00f3n reciba podr\u00e1 ser deducida de sus impuestos ya que somos una organizaci\u00f3n sin fines de lucro 501 C-3.<\/p>","protected":false},"excerpt":{"rendered":"<p>Ya puedes donar con ATH MOVIL<\/p>","protected":false},"featured_media":4373,"comment_status":"closed","ping_status":"closed","template":"","meta":[],"product_brand":[],"product_cat":[47],"product_tag":[],"class_list":{"0":"post-4734","1":"product","2":"type-product","3":"status-publish","4":"has-post-thumbnail","6":"product_cat-donacion","8":"first","9":"instock","10":"virtual","11":"purchasable","12":"product-type-simple"},"yoast_head":"<!-- This site is optimized with the Yoast SEO plugin v27.0 - https:\/\/yoast.com\/product\/yoast-seo-wordpress\/ -->\n<title>ATH MOVIL - TEEN CHALLENGE PUERTO RICO<\/title>\n<meta name=\"robots\" content=\"index, follow, max-snippet:-1, max-image-preview:large, max-video-preview:-1\" \/>\n<link rel=\"canonical\" href=\"https:\/\/teenchallengepr.org\/en\/product\/ath-movil\/\" \/>\n<meta property=\"og:locale\" content=\"en_US\" \/>\n<meta property=\"og:type\" content=\"article\" \/>\n<meta property=\"og:title\" content=\"ATH MOVIL - TEEN CHALLENGE PUERTO RICO\" \/>\n<meta property=\"og:description\" content=\"Ya puedes donar con ATH MOVIL\" \/>\n<meta property=\"og:url\" content=\"https:\/\/teenchallengepr.org\/en\/product\/ath-movil\/\" \/>\n<meta property=\"og:site_name\" content=\"TEEN CHALLENGE PUERTO RICO\" \/>\n<meta property=\"article:publisher\" content=\"https:\/\/www.facebook.com\/TeenChallengePuertoRico\" \/>\n<meta property=\"article:modified_time\" content=\"2021-05-30T20:55:51+00:00\" \/>\n<meta property=\"og:image\" content=\"https:\/\/teenchallengepr.org\/wp-content\/uploads\/2020\/08\/como-donar.jpg\" \/>\n\t<meta property=\"og:image:width\" content=\"939\" \/>\n\t<meta property=\"og:image:height\" content=\"780\" \/>\n\t<meta property=\"og:image:type\" content=\"image\/jpeg\" \/>\n<meta name=\"twitter:card\" content=\"summary_large_image\" \/>\n<meta name=\"twitter:label1\" content=\"Est. reading time\" \/>\n\t<meta name=\"twitter:data1\" content=\"1 minute\" \/>\n<script type=\"application\/ld+json\" class=\"yoast-schema-graph\">{\"@context\":\"https:\/\/schema.org\",\"@graph\":[{\"@type\":\"WebPage\",\"@id\":\"https:\/\/teenchallengepr.org\/producto\/ath-movil\/\",\"url\":\"https:\/\/teenchallengepr.org\/producto\/ath-movil\/\",\"name\":\"ATH MOVIL - TEEN CHALLENGE PUERTO RICO\",\"isPartOf\":{\"@id\":\"https:\/\/teenchallengepr.org\/#website\"},\"primaryImageOfPage\":{\"@id\":\"https:\/\/teenchallengepr.org\/producto\/ath-movil\/#primaryimage\"},\"image\":{\"@id\":\"https:\/\/teenchallengepr.org\/producto\/ath-movil\/#primaryimage\"},\"thumbnailUrl\":\"https:\/\/teenchallengepr.org\/wp-content\/uploads\/2020\/08\/como-donar.jpg\",\"datePublished\":\"2021-05-30T20:51:03+00:00\",\"dateModified\":\"2021-05-30T20:55:51+00:00\",\"breadcrumb\":{\"@id\":\"https:\/\/teenchallengepr.org\/producto\/ath-movil\/#breadcrumb\"},\"inLanguage\":\"en-US\",\"potentialAction\":[{\"@type\":\"ReadAction\",\"target\":[\"https:\/\/teenchallengepr.org\/producto\/ath-movil\/\"]}]},{\"@type\":\"ImageObject\",\"inLanguage\":\"en-US\",\"@id\":\"https:\/\/teenchallengepr.org\/producto\/ath-movil\/#primaryimage\",\"url\":\"https:\/\/teenchallengepr.org\/wp-content\/uploads\/2020\/08\/como-donar.jpg\",\"contentUrl\":\"https:\/\/teenchallengepr.org\/wp-content\/uploads\/2020\/08\/como-donar.jpg\",\"width\":939,\"height\":780,\"caption\":\"como donar\"},{\"@type\":\"BreadcrumbList\",\"@id\":\"https:\/\/teenchallengepr.org\/producto\/ath-movil\/#breadcrumb\",\"itemListElement\":[{\"@type\":\"ListItem\",\"position\":1,\"name\":\"Portada\",\"item\":\"https:\/\/teenchallengepr.org\/\"},{\"@type\":\"ListItem\",\"position\":2,\"name\":\"Shop\",\"item\":\"https:\/\/teenchallengepr.org\/?page_id=2614\"},{\"@type\":\"ListItem\",\"position\":3,\"name\":\"ATH MOVIL\"}]},{\"@type\":\"WebSite\",\"@id\":\"https:\/\/teenchallengepr.org\/#website\",\"url\":\"https:\/\/teenchallengepr.org\/\",\"name\":\"TEEN CHALLENGE PUERTO RICO\",\"description\":\"Poniendo la Esperanza al Alcance de Todos\",\"publisher\":{\"@id\":\"https:\/\/teenchallengepr.org\/#organization\"},\"alternateName\":\"TEEN CHALLENGE PUERTO RICO\",\"potentialAction\":[{\"@type\":\"SearchAction\",\"target\":{\"@type\":\"EntryPoint\",\"urlTemplate\":\"https:\/\/teenchallengepr.org\/?s={search_term_string}\"},\"query-input\":{\"@type\":\"PropertyValueSpecification\",\"valueRequired\":true,\"valueName\":\"search_term_string\"}}],\"inLanguage\":\"en-US\"},{\"@type\":\"Organization\",\"@id\":\"https:\/\/teenchallengepr.org\/#organization\",\"name\":\"Teen Challenge Puerto Rico\",\"alternateName\":\"Teen Challenge Puerto Rico\",\"url\":\"https:\/\/teenchallengepr.org\/\",\"logo\":{\"@type\":\"ImageObject\",\"inLanguage\":\"en-US\",\"@id\":\"https:\/\/teenchallengepr.org\/#\/schema\/logo\/image\/\",\"url\":\"https:\/\/teenchallengepr.org\/wp-content\/uploads\/2020\/05\/logo-medio-teen.png\",\"contentUrl\":\"https:\/\/teenchallengepr.org\/wp-content\/uploads\/2020\/05\/logo-medio-teen.png\",\"width\":559,\"height\":589,\"caption\":\"Teen Challenge Puerto Rico\"},\"image\":{\"@id\":\"https:\/\/teenchallengepr.org\/#\/schema\/logo\/image\/\"},\"sameAs\":[\"https:\/\/www.facebook.com\/TeenChallengePuertoRico\",\"https:\/\/www.instagram.com\/teenchallenge_puertorico\/\",\"https:\/\/www.pinterest.es\/tcpuertorico\/\"]}]}<\/script>\n<!-- \/ Yoast SEO plugin. -->","yoast_head_json":{"title":"ATH MOVIL - TEEN CHALLENGE PUERTO RICO","robots":{"index":"index","follow":"follow","max-snippet":"max-snippet:-1","max-image-preview":"max-image-preview:large","max-video-preview":"max-video-preview:-1"},"canonical":"https:\/\/teenchallengepr.org\/en\/product\/ath-movil\/","og_locale":"en_US","og_type":"article","og_title":"ATH MOVIL - TEEN CHALLENGE PUERTO RICO","og_description":"Ya puedes donar con ATH MOVIL","og_url":"https:\/\/teenchallengepr.org\/en\/product\/ath-movil\/","og_site_name":"TEEN CHALLENGE PUERTO RICO","article_publisher":"https:\/\/www.facebook.com\/TeenChallengePuertoRico","article_modified_time":"2021-05-30T20:55:51+00:00","og_image":[{"width":939,"height":780,"url":"https:\/\/teenchallengepr.org\/wp-content\/uploads\/2020\/08\/como-donar.jpg","type":"image\/jpeg"}],"twitter_card":"summary_large_image","twitter_misc":{"Est. reading time":"1 minute"},"schema":{"@context":"https:\/\/schema.org","@graph":[{"@type":"WebPage","@id":"https:\/\/teenchallengepr.org\/producto\/ath-movil\/","url":"https:\/\/teenchallengepr.org\/producto\/ath-movil\/","name":"ATH MOVIL - TEEN CHALLENGE PUERTO RICO","isPartOf":{"@id":"https:\/\/teenchallengepr.org\/#website"},"primaryImageOfPage":{"@id":"https:\/\/teenchallengepr.org\/producto\/ath-movil\/#primaryimage"},"image":{"@id":"https:\/\/teenchallengepr.org\/producto\/ath-movil\/#primaryimage"},"thumbnailUrl":"https:\/\/teenchallengepr.org\/wp-content\/uploads\/2020\/08\/como-donar.jpg","datePublished":"2021-05-30T20:51:03+00:00","dateModified":"2021-05-30T20:55:51+00:00","breadcrumb":{"@id":"https:\/\/teenchallengepr.org\/producto\/ath-movil\/#breadcrumb"},"inLanguage":"en-US","potentialAction":[{"@type":"ReadAction","target":["https:\/\/teenchallengepr.org\/producto\/ath-movil\/"]}]},{"@type":"ImageObject","inLanguage":"en-US","@id":"https:\/\/teenchallengepr.org\/producto\/ath-movil\/#primaryimage","url":"https:\/\/teenchallengepr.org\/wp-content\/uploads\/2020\/08\/como-donar.jpg","contentUrl":"https:\/\/teenchallengepr.org\/wp-content\/uploads\/2020\/08\/como-donar.jpg","width":939,"height":780,"caption":"como donar"},{"@type":"BreadcrumbList","@id":"https:\/\/teenchallengepr.org\/producto\/ath-movil\/#breadcrumb","itemListElement":[{"@type":"ListItem","position":1,"name":"Portada","item":"https:\/\/teenchallengepr.org\/"},{"@type":"ListItem","position":2,"name":"Shop","item":"https:\/\/teenchallengepr.org\/?page_id=2614"},{"@type":"ListItem","position":3,"name":"ATH MOVIL"}]},{"@type":"WebSite","@id":"https:\/\/teenchallengepr.org\/#website","url":"https:\/\/teenchallengepr.org\/","name":"TEEN CHALLENGE PUERTO RICO","description":"Poniendo la Esperanza al Alcance de Todos","publisher":{"@id":"https:\/\/teenchallengepr.org\/#organization"},"alternateName":"TEEN CHALLENGE PUERTO RICO","potentialAction":[{"@type":"SearchAction","target":{"@type":"EntryPoint","urlTemplate":"https:\/\/teenchallengepr.org\/?s={search_term_string}"},"query-input":{"@type":"PropertyValueSpecification","valueRequired":true,"valueName":"search_term_string"}}],"inLanguage":"en-US"},{"@type":"Organization","@id":"https:\/\/teenchallengepr.org\/#organization","name":"Teen Challenge Puerto Rico","alternateName":"Teen Challenge Puerto Rico","url":"https:\/\/teenchallengepr.org\/","logo":{"@type":"ImageObject","inLanguage":"en-US","@id":"https:\/\/teenchallengepr.org\/#\/schema\/logo\/image\/","url":"https:\/\/teenchallengepr.org\/wp-content\/uploads\/2020\/05\/logo-medio-teen.png","contentUrl":"https:\/\/teenchallengepr.org\/wp-content\/uploads\/2020\/05\/logo-medio-teen.png","width":559,"height":589,"caption":"Teen Challenge Puerto Rico"},"image":{"@id":"https:\/\/teenchallengepr.org\/#\/schema\/logo\/image\/"},"sameAs":["https:\/\/www.facebook.com\/TeenChallengePuertoRico","https:\/\/www.instagram.com\/teenchallenge_puertorico\/","https:\/\/www.pinterest.es\/tcpuertorico\/"]}]}},"_links":{"self":[{"href":"https:\/\/teenchallengepr.org\/en\/wp-json\/wp\/v2\/product\/4734","targetHints":{"allow":["GET"]}}],"collection":[{"href":"https:\/\/teenchallengepr.org\/en\/wp-json\/wp\/v2\/product"}],"about":[{"href":"https:\/\/teenchallengepr.org\/en\/wp-json\/wp\/v2\/types\/product"}],"replies":[{"embeddable":true,"href":"https:\/\/teenchallengepr.org\/en\/wp-json\/wp\/v2\/comments?post=4734"}],"wp:featuredmedia":[{"embeddable":true,"href":"https:\/\/teenchallengepr.org\/en\/wp-json\/wp\/v2\/media\/4373"}],"wp:attachment":[{"href":"https:\/\/teenchallengepr.org\/en\/wp-json\/wp\/v2\/media?parent=4734"}],"wp:term":[{"taxonomy":"product_brand","embeddable":true,"href":"https:\/\/teenchallengepr.org\/en\/wp-json\/wp\/v2\/product_brand?post=4734"},{"taxonomy":"product_cat","embeddable":true,"href":"https:\/\/teenchallengepr.org\/en\/wp-json\/wp\/v2\/product_cat?post=4734"},{"taxonomy":"product_tag","embeddable":true,"href":"https:\/\/teenchallengepr.org\/en\/wp-json\/wp\/v2\/product_tag?post=4734"}],"curies":[{"name":"wp","href":"https:\/\/api.w.org\/{rel}","templated":true}]}}