{"id":8280,"date":"2022-10-28T08:19:48","date_gmt":"2022-10-28T12:19:48","guid":{"rendered":"https:\/\/teenchallengepr.org\/?page_id=8280"},"modified":"2022-10-28T08:31:03","modified_gmt":"2022-10-28T12:31:03","slug":"miguel-vega","status":"publish","type":"page","link":"https:\/\/teenchallengepr.org\/en\/miguel-vega\/","title":{"rendered":"Biografia Rev. Miguel Vega"},"content":{"rendered":"<div data-elementor-type=\"wp-page\" data-elementor-id=\"8280\" class=\"elementor elementor-8280\" data-elementor-post-type=\"page\">\n\t\t\t\t\t\t<section class=\"elementor-section elementor-top-section elementor-element elementor-element-2ad8d48a ot-traditional elementor-section-boxed elementor-section-height-default elementor-section-height-default\" data-id=\"2ad8d48a\" data-element_type=\"section\" data-e-type=\"section\">\n\t\t\t\t\t\t<div class=\"elementor-container elementor-column-gap-default\">\n\t\t\t\t\t<div class=\"elementor-column elementor-col-33 elementor-top-column elementor-element elementor-element-6c205973 ot-flex-column-vertical\" data-id=\"6c205973\" data-element_type=\"column\" data-e-type=\"column\">\n\t\t\t<div class=\"elementor-widget-wrap elementor-element-populated\">\n\t\t\t\t\t\t<div class=\"elementor-element elementor-element-1ac1a9cf elementor-widget elementor-widget-image\" data-id=\"1ac1a9cf\" data-element_type=\"widget\" data-e-type=\"widget\" data-widget_type=\"image.default\">\n\t\t\t\t<div class=\"elementor-widget-container\">\n\t\t\t\t\t\t\t\t\t\t\t\t\t\t\t<img fetchpriority=\"high\" decoding=\"async\" width=\"726\" height=\"727\" src=\"https:\/\/teenchallengepr.org\/wp-content\/uploads\/2022\/10\/Rev.-Miguel-Vega.jpg\" class=\"attachment-medium_large size-medium_large wp-image-8253\" alt=\"\" srcset=\"https:\/\/teenchallengepr.org\/wp-content\/uploads\/2022\/10\/Rev.-Miguel-Vega.jpg 726w, https:\/\/teenchallengepr.org\/wp-content\/uploads\/2022\/10\/Rev.-Miguel-Vega-300x300.jpg 300w, https:\/\/teenchallengepr.org\/wp-content\/uploads\/2022\/10\/Rev.-Miguel-Vega-100x100.jpg 100w, https:\/\/teenchallengepr.org\/wp-content\/uploads\/2022\/10\/Rev.-Miguel-Vega-600x601.jpg 600w, https:\/\/teenchallengepr.org\/wp-content\/uploads\/2022\/10\/Rev.-Miguel-Vega-150x150.jpg 150w, https:\/\/teenchallengepr.org\/wp-content\/uploads\/2022\/10\/Rev.-Miguel-Vega-720x721.jpg 720w\" sizes=\"(max-width: 726px) 100vw, 726px\" \/>\t\t\t\t\t\t\t\t\t\t\t\t\t\t\t<\/div>\n\t\t\t\t<\/div>\n\t\t\t\t\t<\/div>\n\t\t<\/div>\n\t\t\t\t<div class=\"elementor-column elementor-col-66 elementor-top-column elementor-element elementor-element-3b4b9356 ot-flex-column-vertical\" data-id=\"3b4b9356\" data-element_type=\"column\" data-e-type=\"column\">\n\t\t\t<div class=\"elementor-widget-wrap elementor-element-populated\">\n\t\t\t\t\t\t<div class=\"elementor-element elementor-element-368b575b elementor-widget elementor-widget-spacer\" data-id=\"368b575b\" data-element_type=\"widget\" data-e-type=\"widget\" data-widget_type=\"spacer.default\">\n\t\t\t\t<div class=\"elementor-widget-container\">\n\t\t\t\t\t\t\t<div class=\"elementor-spacer\">\n\t\t\t<div class=\"elementor-spacer-inner\"><\/div>\n\t\t<\/div>\n\t\t\t\t\t\t<\/div>\n\t\t\t\t<\/div>\n\t\t\t\t<div class=\"elementor-element elementor-element-6af02f81 elementor-widget elementor-widget-heading\" data-id=\"6af02f81\" data-element_type=\"widget\" data-e-type=\"widget\" data-widget_type=\"heading.default\">\n\t\t\t\t<div class=\"elementor-widget-container\">\n\t\t\t\t\t<h4 class=\"elementor-heading-title elementor-size-default\">Rev. Miguel Vega<\/h4>\t\t\t\t<\/div>\n\t\t\t\t<\/div>\n\t\t\t\t<div class=\"elementor-element elementor-element-3778982d elementor-widget elementor-widget-spacer\" data-id=\"3778982d\" data-element_type=\"widget\" data-e-type=\"widget\" data-widget_type=\"spacer.default\">\n\t\t\t\t<div class=\"elementor-widget-container\">\n\t\t\t\t\t\t\t<div class=\"elementor-spacer\">\n\t\t\t<div class=\"elementor-spacer-inner\"><\/div>\n\t\t<\/div>\n\t\t\t\t\t\t<\/div>\n\t\t\t\t<\/div>\n\t\t\t\t<div class=\"elementor-element elementor-element-581f61be elementor-widget elementor-widget-heading\" data-id=\"581f61be\" data-element_type=\"widget\" data-e-type=\"widget\" data-widget_type=\"heading.default\">\n\t\t\t\t<div class=\"elementor-widget-container\">\n\t\t\t\t\t<h4 class=\"elementor-heading-title elementor-size-default\">Representante TCPR NY<\/h4>\t\t\t\t<\/div>\n\t\t\t\t<\/div>\n\t\t\t\t<div class=\"elementor-element elementor-element-38c36189 elementor-widget elementor-widget-image\" data-id=\"38c36189\" data-element_type=\"widget\" data-e-type=\"widget\" data-widget_type=\"image.default\">\n\t\t\t\t<div class=\"elementor-widget-container\">\n\t\t\t\t\t\t\t\t\t\t\t\t\t\t\t<img decoding=\"async\" src=\"https:\/\/teenchallengepr.org\/wp-content\/uploads\/2020\/05\/logo-teen-challnege-pr-2020.png\" title=\"\" alt=\"\" loading=\"lazy\" \/>\t\t\t\t\t\t\t\t\t\t\t\t\t\t\t<\/div>\n\t\t\t\t<\/div>\n\t\t\t\t<div class=\"elementor-element elementor-element-4cd5fb01 elementor-widget elementor-widget-icontact_info\" data-id=\"4cd5fb01\" data-element_type=\"widget\" data-e-type=\"widget\" data-widget_type=\"icontact_info.default\">\n\t\t\t\t<div class=\"elementor-widget-container\">\n\t\t\t\t\t\t\t\t\t\t    \t<div class=\"contact-info box-style1\">\r\n\t\t\t\t\t<i aria-hidden=\"true\" class=\"fas fa-home\"><\/i>\t\t\t    \t\t        \t\t\t        <div class=\"info-text\">\r\n\t\t\t        \t<h6>Address<\/h6>\r\n\t\t\t        \t<p>C\/ No. 2, Km. 8.3 Urb. Juan Domingo Bayam\u00f3n, PR 00956<\/p>\r\n\t\t\t        <\/div>\r\n\t\t\t    <\/div>\r\n\t\t    \t    \t\t\t\t<\/div>\n\t\t\t\t<\/div>\n\t\t\t\t<div class=\"elementor-element elementor-element-49f17e22 elementor-widget elementor-widget-icontact_info\" data-id=\"49f17e22\" data-element_type=\"widget\" data-e-type=\"widget\" data-widget_type=\"icontact_info.default\">\n\t\t\t\t<div class=\"elementor-widget-container\">\n\t\t\t\t\t\t\t\t\t\t    \t<div class=\"contact-info box-style1\">\r\n\t\t\t\t\t<i aria-hidden=\"true\" class=\"far fa-envelope\"><\/i>\t\t\t    \t\t        \t\t\t        <div class=\"info-text\">\r\n\t\t\t        \t<h6>Email<\/h6>\r\n\t\t\t        \t<p>info@teenchallengepr.org<\/p>\r\n\t\t\t        <\/div>\r\n\t\t\t    <\/div>\r\n\t\t    \t    \t\t\t\t<\/div>\n\t\t\t\t<\/div>\n\t\t\t\t<div class=\"elementor-element elementor-element-5ea9f989 elementor-widget elementor-widget-icontact_info\" data-id=\"5ea9f989\" data-element_type=\"widget\" data-e-type=\"widget\" data-widget_type=\"icontact_info.default\">\n\t\t\t\t<div class=\"elementor-widget-container\">\n\t\t\t\t\t\t\t\t\t\t    \t<div class=\"contact-info box-style1\">\r\n\t\t\t\t\t<i aria-hidden=\"true\" class=\"fas fa-phone-alt\"><\/i>\t\t\t    \t\t        \t\t\t        <div class=\"info-text\">\r\n\t\t\t        \t<h6>Contact<\/h6>\r\n\t\t\t        \t<p>+1-787-730-6971<\/p>\r\n\t\t\t        <\/div>\r\n\t\t\t    <\/div>\r\n\t\t    \t    \t\t\t\t<\/div>\n\t\t\t\t<\/div>\n\t\t\t\t\t<\/div>\n\t\t<\/div>\n\t\t\t\t\t<\/div>\n\t\t<\/section>\n\t\t\t\t<section class=\"elementor-section elementor-top-section elementor-element elementor-element-1950346 ot-traditional elementor-section-boxed elementor-section-height-default elementor-section-height-default\" data-id=\"1950346\" data-element_type=\"section\" data-e-type=\"section\">\n\t\t\t\t\t\t<div class=\"elementor-container elementor-column-gap-default\">\n\t\t\t\t\t<div class=\"elementor-column elementor-col-50 elementor-top-column elementor-element elementor-element-fc0ea07 ot-flex-column-vertical\" data-id=\"fc0ea07\" data-element_type=\"column\" data-e-type=\"column\">\n\t\t\t<div class=\"elementor-widget-wrap elementor-element-populated\">\n\t\t\t\t\t\t<div class=\"elementor-element elementor-element-28b0413 elementor-widget elementor-widget-text-editor\" data-id=\"28b0413\" data-element_type=\"widget\" data-e-type=\"widget\" data-widget_type=\"text-editor.default\">\n\t\t\t\t<div class=\"elementor-widget-container\">\n\t\t\t\t\t\t\t\t\t<p>Nacido en Mayag\u00fcez, Puerto Rico<br \/>20 de octubre de 1964<br \/>Lleg\u00f3 a Nueva York, a la edad de 5 a\u00f1os.<br \/>Fue tocado por el Se\u00f1or, a los 9 a\u00f1os<br \/>En una iglesia AG espa\u00f1ol en mi ciudad natal<br \/>De Long Beach, Nueva York. Ahora sirvo como Ministro Credencial en Full Gospel Church, Island Park NY, donde mi esposa Daisy y yo hemos sido miembros durante 25 a\u00f1os. En octubre de 2014 me convert\u00ed en capell\u00e1n certificado del estado de Nueva York y he servido como enlace del Distrito Hispano Oriental con diferentes ministerios y organizaciones cristianas.<br \/>Mi esposa Daisy y yo hemos estado casados por 37 a\u00f1os y tenemos dos hijos adultos (Gemelos) Dennis \/ Michael<br \/>Residimos en Freeport, Nueva York<\/p>\t\t\t\t\t\t\t\t<\/div>\n\t\t\t\t<\/div>\n\t\t\t\t\t<\/div>\n\t\t<\/div>\n\t\t\t\t<div class=\"elementor-column elementor-col-50 elementor-top-column elementor-element elementor-element-d71f976 ot-flex-column-vertical\" data-id=\"d71f976\" data-element_type=\"column\" data-e-type=\"column\">\n\t\t\t<div class=\"elementor-widget-wrap elementor-element-populated\">\n\t\t\t\t\t\t<div class=\"elementor-element elementor-element-054565e elementor-widget elementor-widget-text-editor\" data-id=\"054565e\" data-element_type=\"widget\" data-e-type=\"widget\" data-widget_type=\"text-editor.default\">\n\t\t\t\t<div class=\"elementor-widget-container\">\n\t\t\t\t\t\t\t\t\t<p>Born in Mayaguez, Puerto Rico<br \/>October 20 1964<br \/>Arrived in New York, at the age of 5<br \/>Was touched by the Lord, at age 9<br \/>At a Spanish AG Church in my home town<br \/>Of Long Beach, NY. I now serve as a Credential Minister at Full Gospel Church, Island Park NY where my wife Daisy and I have been members for 25 years. In October 2014 I became a Certified New York State Chaplian, and have serve as a liaison to the Eastern Spanish District with different ministries and christian organizations<br \/>My wife Daisy and I have been married for 37 years and have two adult children (Twins ) Dennis \/ Michael<br \/>We reside in Freeport, New York<\/p>\t\t\t\t\t\t\t\t<\/div>\n\t\t\t\t<\/div>\n\t\t\t\t\t<\/div>\n\t\t<\/div>\n\t\t\t\t\t<\/div>\n\t\t<\/section>\n\t\t\t\t<\/div>","protected":false},"excerpt":{"rendered":"<p>Rev. Miguel Vega Representante TCPR NY Direcci\u00f3n C\/ No. 2, Km. 8.3 Urb. Juan Domingo Bayam\u00f3n, PR 00956 Email info@teenchallengepr.org Contacto +1-787-730-6971 Nacido en Mayag\u00fcez, Puerto Rico 20 de octubre de 1964 Lleg\u00f3 a Nueva York, a la edad de 5 a\u00f1os. Fue tocado por el Se\u00f1or, a los 9 a\u00f1os En una iglesia AG [&hellip;]<\/p>","protected":false},"author":1,"featured_media":0,"parent":0,"menu_order":0,"comment_status":"closed","ping_status":"closed","template":"","meta":{"footnotes":""},"class_list":["post-8280","page","type-page","status-publish","hentry"],"yoast_head":"<!-- This site is optimized with the Yoast SEO plugin v27.0 - https:\/\/yoast.com\/product\/yoast-seo-wordpress\/ -->\n<title>Biografia Rev. Miguel Vega - TEEN CHALLENGE PUERTO RICO<\/title>\n<meta name=\"description\" content=\"Biografia Rev. Miguel Vega TCPR\" \/>\n<meta name=\"robots\" content=\"index, follow, max-snippet:-1, max-image-preview:large, max-video-preview:-1\" \/>\n<link rel=\"canonical\" href=\"https:\/\/teenchallengepr.org\/en\/miguel-vega\/\" \/>\n<meta property=\"og:locale\" content=\"en_US\" \/>\n<meta property=\"og:type\" content=\"article\" \/>\n<meta property=\"og:title\" content=\"Biografia Rev. Miguel Vega - TEEN CHALLENGE PUERTO RICO\" \/>\n<meta property=\"og:description\" content=\"Biografia Rev. Miguel Vega TCPR\" \/>\n<meta property=\"og:url\" content=\"https:\/\/teenchallengepr.org\/en\/miguel-vega\/\" \/>\n<meta property=\"og:site_name\" content=\"TEEN CHALLENGE PUERTO RICO\" \/>\n<meta property=\"article:publisher\" content=\"https:\/\/www.facebook.com\/TeenChallengePuertoRico\" \/>\n<meta property=\"article:modified_time\" content=\"2022-10-28T12:31:03+00:00\" \/>\n<meta property=\"og:image\" content=\"https:\/\/teenchallengepr.org\/wp-content\/uploads\/2022\/10\/Rev.-Miguel-Vega.jpg\" \/>\n<meta name=\"twitter:card\" content=\"summary_large_image\" \/>\n<meta name=\"twitter:label1\" content=\"Est. reading time\" \/>\n\t<meta name=\"twitter:data1\" content=\"2 minutes\" \/>\n<script type=\"application\/ld+json\" class=\"yoast-schema-graph\">{\"@context\":\"https:\/\/schema.org\",\"@graph\":[{\"@type\":\"WebPage\",\"@id\":\"https:\/\/teenchallengepr.org\/miguel-vega\/\",\"url\":\"https:\/\/teenchallengepr.org\/miguel-vega\/\",\"name\":\"Biografia Rev. Miguel Vega - TEEN CHALLENGE PUERTO RICO\",\"isPartOf\":{\"@id\":\"https:\/\/teenchallengepr.org\/#website\"},\"primaryImageOfPage\":{\"@id\":\"https:\/\/teenchallengepr.org\/miguel-vega\/#primaryimage\"},\"image\":{\"@id\":\"https:\/\/teenchallengepr.org\/miguel-vega\/#primaryimage\"},\"thumbnailUrl\":\"https:\/\/teenchallengepr.org\/wp-content\/uploads\/2022\/10\/Rev.-Miguel-Vega.jpg\",\"datePublished\":\"2022-10-28T12:19:48+00:00\",\"dateModified\":\"2022-10-28T12:31:03+00:00\",\"description\":\"Biografia Rev. Miguel Vega TCPR\",\"breadcrumb\":{\"@id\":\"https:\/\/teenchallengepr.org\/miguel-vega\/#breadcrumb\"},\"inLanguage\":\"en-US\",\"potentialAction\":[{\"@type\":\"ReadAction\",\"target\":[\"https:\/\/teenchallengepr.org\/miguel-vega\/\"]}]},{\"@type\":\"ImageObject\",\"inLanguage\":\"en-US\",\"@id\":\"https:\/\/teenchallengepr.org\/miguel-vega\/#primaryimage\",\"url\":\"https:\/\/teenchallengepr.org\/wp-content\/uploads\/2022\/10\/Rev.-Miguel-Vega.jpg\",\"contentUrl\":\"https:\/\/teenchallengepr.org\/wp-content\/uploads\/2022\/10\/Rev.-Miguel-Vega.jpg\"},{\"@type\":\"BreadcrumbList\",\"@id\":\"https:\/\/teenchallengepr.org\/miguel-vega\/#breadcrumb\",\"itemListElement\":[{\"@type\":\"ListItem\",\"position\":1,\"name\":\"Portada\",\"item\":\"https:\/\/teenchallengepr.org\/\"},{\"@type\":\"ListItem\",\"position\":2,\"name\":\"Biografia Rev. Miguel Vega\"}]},{\"@type\":\"WebSite\",\"@id\":\"https:\/\/teenchallengepr.org\/#website\",\"url\":\"https:\/\/teenchallengepr.org\/\",\"name\":\"TEEN CHALLENGE PUERTO RICO\",\"description\":\"Poniendo la Esperanza al Alcance de Todos\",\"publisher\":{\"@id\":\"https:\/\/teenchallengepr.org\/#organization\"},\"alternateName\":\"TEEN CHALLENGE PUERTO RICO\",\"potentialAction\":[{\"@type\":\"SearchAction\",\"target\":{\"@type\":\"EntryPoint\",\"urlTemplate\":\"https:\/\/teenchallengepr.org\/?s={search_term_string}\"},\"query-input\":{\"@type\":\"PropertyValueSpecification\",\"valueRequired\":true,\"valueName\":\"search_term_string\"}}],\"inLanguage\":\"en-US\"},{\"@type\":\"Organization\",\"@id\":\"https:\/\/teenchallengepr.org\/#organization\",\"name\":\"Teen Challenge Puerto Rico\",\"alternateName\":\"Teen Challenge Puerto Rico\",\"url\":\"https:\/\/teenchallengepr.org\/\",\"logo\":{\"@type\":\"ImageObject\",\"inLanguage\":\"en-US\",\"@id\":\"https:\/\/teenchallengepr.org\/#\/schema\/logo\/image\/\",\"url\":\"https:\/\/teenchallengepr.org\/wp-content\/uploads\/2020\/05\/logo-medio-teen.png\",\"contentUrl\":\"https:\/\/teenchallengepr.org\/wp-content\/uploads\/2020\/05\/logo-medio-teen.png\",\"width\":559,\"height\":589,\"caption\":\"Teen Challenge Puerto Rico\"},\"image\":{\"@id\":\"https:\/\/teenchallengepr.org\/#\/schema\/logo\/image\/\"},\"sameAs\":[\"https:\/\/www.facebook.com\/TeenChallengePuertoRico\",\"https:\/\/www.instagram.com\/teenchallenge_puertorico\/\",\"https:\/\/www.pinterest.es\/tcpuertorico\/\"]}]}<\/script>\n<!-- \/ Yoast SEO plugin. -->","yoast_head_json":{"title":"Biografia Rev. Miguel Vega - TEEN CHALLENGE PUERTO RICO","description":"Biografia Rev. Miguel Vega TCPR","robots":{"index":"index","follow":"follow","max-snippet":"max-snippet:-1","max-image-preview":"max-image-preview:large","max-video-preview":"max-video-preview:-1"},"canonical":"https:\/\/teenchallengepr.org\/en\/miguel-vega\/","og_locale":"en_US","og_type":"article","og_title":"Biografia Rev. Miguel Vega - TEEN CHALLENGE PUERTO RICO","og_description":"Biografia Rev. Miguel Vega TCPR","og_url":"https:\/\/teenchallengepr.org\/en\/miguel-vega\/","og_site_name":"TEEN CHALLENGE PUERTO RICO","article_publisher":"https:\/\/www.facebook.com\/TeenChallengePuertoRico","article_modified_time":"2022-10-28T12:31:03+00:00","og_image":[{"url":"https:\/\/teenchallengepr.org\/wp-content\/uploads\/2022\/10\/Rev.-Miguel-Vega.jpg","type":"","width":"","height":""}],"twitter_card":"summary_large_image","twitter_misc":{"Est. reading time":"2 minutes"},"schema":{"@context":"https:\/\/schema.org","@graph":[{"@type":"WebPage","@id":"https:\/\/teenchallengepr.org\/miguel-vega\/","url":"https:\/\/teenchallengepr.org\/miguel-vega\/","name":"Biografia Rev. Miguel Vega - TEEN CHALLENGE PUERTO RICO","isPartOf":{"@id":"https:\/\/teenchallengepr.org\/#website"},"primaryImageOfPage":{"@id":"https:\/\/teenchallengepr.org\/miguel-vega\/#primaryimage"},"image":{"@id":"https:\/\/teenchallengepr.org\/miguel-vega\/#primaryimage"},"thumbnailUrl":"https:\/\/teenchallengepr.org\/wp-content\/uploads\/2022\/10\/Rev.-Miguel-Vega.jpg","datePublished":"2022-10-28T12:19:48+00:00","dateModified":"2022-10-28T12:31:03+00:00","description":"Biografia Rev. Miguel Vega TCPR","breadcrumb":{"@id":"https:\/\/teenchallengepr.org\/miguel-vega\/#breadcrumb"},"inLanguage":"en-US","potentialAction":[{"@type":"ReadAction","target":["https:\/\/teenchallengepr.org\/miguel-vega\/"]}]},{"@type":"ImageObject","inLanguage":"en-US","@id":"https:\/\/teenchallengepr.org\/miguel-vega\/#primaryimage","url":"https:\/\/teenchallengepr.org\/wp-content\/uploads\/2022\/10\/Rev.-Miguel-Vega.jpg","contentUrl":"https:\/\/teenchallengepr.org\/wp-content\/uploads\/2022\/10\/Rev.-Miguel-Vega.jpg"},{"@type":"BreadcrumbList","@id":"https:\/\/teenchallengepr.org\/miguel-vega\/#breadcrumb","itemListElement":[{"@type":"ListItem","position":1,"name":"Portada","item":"https:\/\/teenchallengepr.org\/"},{"@type":"ListItem","position":2,"name":"Biografia Rev. Miguel Vega"}]},{"@type":"WebSite","@id":"https:\/\/teenchallengepr.org\/#website","url":"https:\/\/teenchallengepr.org\/","name":"TEEN CHALLENGE PUERTO RICO","description":"Poniendo la Esperanza al Alcance de Todos","publisher":{"@id":"https:\/\/teenchallengepr.org\/#organization"},"alternateName":"TEEN CHALLENGE PUERTO RICO","potentialAction":[{"@type":"SearchAction","target":{"@type":"EntryPoint","urlTemplate":"https:\/\/teenchallengepr.org\/?s={search_term_string}"},"query-input":{"@type":"PropertyValueSpecification","valueRequired":true,"valueName":"search_term_string"}}],"inLanguage":"en-US"},{"@type":"Organization","@id":"https:\/\/teenchallengepr.org\/#organization","name":"Teen Challenge Puerto Rico","alternateName":"Teen Challenge Puerto Rico","url":"https:\/\/teenchallengepr.org\/","logo":{"@type":"ImageObject","inLanguage":"en-US","@id":"https:\/\/teenchallengepr.org\/#\/schema\/logo\/image\/","url":"https:\/\/teenchallengepr.org\/wp-content\/uploads\/2020\/05\/logo-medio-teen.png","contentUrl":"https:\/\/teenchallengepr.org\/wp-content\/uploads\/2020\/05\/logo-medio-teen.png","width":559,"height":589,"caption":"Teen Challenge Puerto Rico"},"image":{"@id":"https:\/\/teenchallengepr.org\/#\/schema\/logo\/image\/"},"sameAs":["https:\/\/www.facebook.com\/TeenChallengePuertoRico","https:\/\/www.instagram.com\/teenchallenge_puertorico\/","https:\/\/www.pinterest.es\/tcpuertorico\/"]}]}},"_links":{"self":[{"href":"https:\/\/teenchallengepr.org\/en\/wp-json\/wp\/v2\/pages\/8280","targetHints":{"allow":["GET"]}}],"collection":[{"href":"https:\/\/teenchallengepr.org\/en\/wp-json\/wp\/v2\/pages"}],"about":[{"href":"https:\/\/teenchallengepr.org\/en\/wp-json\/wp\/v2\/types\/page"}],"author":[{"embeddable":true,"href":"https:\/\/teenchallengepr.org\/en\/wp-json\/wp\/v2\/users\/1"}],"replies":[{"embeddable":true,"href":"https:\/\/teenchallengepr.org\/en\/wp-json\/wp\/v2\/comments?post=8280"}],"version-history":[{"count":0,"href":"https:\/\/teenchallengepr.org\/en\/wp-json\/wp\/v2\/pages\/8280\/revisions"}],"wp:attachment":[{"href":"https:\/\/teenchallengepr.org\/en\/wp-json\/wp\/v2\/media?parent=8280"}],"curies":[{"name":"wp","href":"https:\/\/api.w.org\/{rel}","templated":true}]}}