{"id":3,"date":"2020-04-07T15:13:14","date_gmt":"2020-04-07T19:13:14","guid":{"rendered":"https:\/\/teenchallengepr.org\/?page_id=3"},"modified":"2024-01-05T12:16:55","modified_gmt":"2024-01-05T16:16:55","slug":"politica-privacidad","status":"publish","type":"page","link":"https:\/\/teenchallengepr.org\/en\/politica-privacidad\/","title":{"rendered":"Privacy policy"},"content":{"rendered":"<h2 class=\"wp-block-heading\">Who we are<\/h2>\r\n\r\n\r\n\r\n<p>La direcci\u00f3n de nuestra web es: https:\/\/teenchallengepr.org.<\/p>\r\n\r\n\r\n\r\n<h2 class=\"wp-block-heading\">What personal data do we collect and why we collect<\/h2>\r\n\r\n\r\n\r\n<h3 class=\"wp-block-heading\">Comments<\/h3>\r\n\r\n\r\n\r\n<p>When visitors leave comments on the site we collect the data shown in the comments form, as well as the visitor&#039;s IP address and the string of the user agent of the browser to help spam detection.<\/p>\r\n\r\n\r\n\r\n<p>Una cadena an\u00f3nima creada a partir de tu direcci\u00f3n de correo electr\u00f3nico (tambi\u00e9n llamada hash) puede ser proporcionada al servicio de Gravatar para ver si la est\u00e1s usando. La pol\u00edtica de privacidad del servicio Gravatar est\u00e1 disponible aqu\u00ed: https:\/\/automattic.com\/privacy\/. Despu\u00e9s de la aprobaci\u00f3n de tu comentario, la imagen de tu perfil es visible para el p\u00fablico en el contexto de tu comentario.<\/p>\r\n\r\n\r\n\r\n<h3 class=\"wp-block-heading\">Media<\/h3>\r\n\r\n\r\n\r\n<p>If you upload images to the website, you should avoid uploading images with location data (GPS EXIF) included. Visitors to the website can download and extract any data of location of images on the web.<\/p>\r\n\r\n\r\n\r\n<h3 class=\"wp-block-heading\">Contact forms<\/h3>\r\n\r\n\r\n\r\n<h3 class=\"wp-block-heading\">Cookies<\/h3>\r\n\r\n\r\n\r\n<p>If you leave a comment on our site you can choose to save your name, email address and website in cookies. This is for your convenience so that you do not have to re-fill your data when you leave another comment. These cookies will last for one year.<\/p>\r\n\r\n\r\n\r\n<p>If you have an account and you log in to this site, we will install a temporary cookie to determine if your browser accepts cookies. This cookie contains no personal data and is deleted when you close your browser.<\/p>\r\n\r\n\r\n\r\n<p>When you log in, we will also install several cookies to save your login information and your options for screen display. To access cookies last for two days, and cookie screen options last a year. If you select &#034;Recu\u00e9rdarme&#034;, your login will persist for two weeks. If you log out of your account, access cookies will be removed.<\/p>\r\n\r\n\r\n\r\n<p>If you edit or publish an article, you will save an additional cookie on your browser. This cookie includes no personal data and simply indicates the ID of the article you just edited. It expires after 1 day.<\/p>\r\n\r\n\r\n\r\n<h3 class=\"wp-block-heading\">Embedded content from other websites<\/h3>\r\n\r\n\r\n\r\n<p>The articles on this site may include embedded content (e.g. videos, images, articles, etc). Embedded content from other websites behaves in exactly the same way as if the visitor had visited the other website.<\/p>\r\n\r\n\r\n\r\n<p>These websites may collect data about you, use cookies, embed additional monitoring of third parties, and monitor your interaction with that embedded content, including tracking your interaction with the embedded content if you have an account and you are logged in to that website.<\/p>\r\n\r\n\r\n\r\n<h3 class=\"wp-block-heading\">Analytical<\/h3>\r\n\r\n\r\n\r\n<h2 class=\"wp-block-heading\">With whom do we share your data<\/h2>\r\n\r\n\r\n\r\n<h2 class=\"wp-block-heading\">How long we retain your data<\/h2>\r\n\r\n\r\n\r\n<p>If you leave a comment, the comment and its metadata are retained indefinitely. This is so we can recognize and approve successive comments automatically instead of holding them in a moderation queue.<\/p>\r\n\r\n\r\n\r\n<p>For users that register on our website (if any), we also store the personal information they provide in their user profile. All users can see, edit, or delete their personal information at any time (except they cannot change their username). The administrators of the web can also see and edit that information.<\/p>\r\n\r\n\r\n\r\n<h2 class=\"wp-block-heading\">What rights you have over your data<\/h2>\r\n\r\n\r\n\r\n<p>If you have an account or have left comments on this website, you can request to receive an export file of the personal data that we hold about you, including any data that you provided us. You can also request that we delete any personal data we hold about you. This does not include any data we are obliged to keep for administrative, legal, or security.<\/p>\r\n\r\n\r\n\r\n<h2 class=\"wp-block-heading\">Where we send your data<\/h2>\r\n\r\n\r\n\r\n<p>The comments of the visitors you can review a service of automatic detection of spam.<\/p>\r\n\r\n\r\n\r\n<h2 class=\"wp-block-heading\">Your contact information<\/h2>\r\n\r\n\r\n\r\n<h2 class=\"wp-block-heading\">Additional information<\/h2>\r\n\r\n\r\n\r\n<h3 class=\"wp-block-heading\">How we protect your data<\/h3>\r\n\r\n\r\n\r\n<h3 class=\"wp-block-heading\">What procedures we used against data breaches<\/h3>\r\n\r\n\r\n\r\n<h3 class=\"wp-block-heading\">What third parties we receive data<\/h3>\r\n\r\n\r\n\r\n<h3 class=\"wp-block-heading\">What kind of decision-making automated and\/or profiling we do with user data<\/h3>\r\n\r\n\r\n\r\n<h3 class=\"wp-block-heading\">Regulatory requirements for disclosure of information in the sector<\/h3>","protected":false},"excerpt":{"rendered":"<p>Qui\u00e9nes somos La direcci\u00f3n de nuestra web es: https:\/\/teenchallengepr.org. Qu\u00e9 datos personales recogemos y por qu\u00e9 los recogemos Comentarios Cuando los visitantes dejan comentarios en la web, recopilamos los datos que se muestran en el formulario de comentarios, as\u00ed como la direcci\u00f3n IP del visitante y la cadena de agentes de usuario del navegador para [&hellip;]<\/p>","protected":false},"author":1,"featured_media":0,"parent":0,"menu_order":0,"comment_status":"closed","ping_status":"closed","template":"elementor_header_footer","meta":{"footnotes":""},"class_list":["post-3","page","type-page","status-publish","hentry"],"yoast_head":"<!-- This site is optimized with the Yoast SEO plugin v27.0 - https:\/\/yoast.com\/product\/yoast-seo-wordpress\/ -->\n<title>Pol\u00edtica de privacidad - TEEN CHALLENGE PUERTO RICO<\/title>\n<meta name=\"robots\" content=\"index, follow, max-snippet:-1, max-image-preview:large, max-video-preview:-1\" \/>\n<link rel=\"canonical\" href=\"https:\/\/teenchallengepr.org\/en\/politica-privacidad\/\" \/>\n<meta property=\"og:locale\" content=\"en_US\" \/>\n<meta property=\"og:type\" content=\"article\" \/>\n<meta property=\"og:title\" content=\"Pol\u00edtica de privacidad - TEEN CHALLENGE PUERTO RICO\" \/>\n<meta property=\"og:description\" content=\"Qui\u00e9nes somos La direcci\u00f3n de nuestra web es: https:\/\/teenchallengepr.org. Qu\u00e9 datos personales recogemos y por qu\u00e9 los recogemos Comentarios Cuando los visitantes dejan comentarios en la web, recopilamos los datos que se muestran en el formulario de comentarios, as\u00ed como la direcci\u00f3n IP del visitante y la cadena de agentes de usuario del navegador para [&hellip;]\" \/>\n<meta property=\"og:url\" content=\"https:\/\/teenchallengepr.org\/en\/politica-privacidad\/\" \/>\n<meta property=\"og:site_name\" content=\"TEEN CHALLENGE PUERTO RICO\" \/>\n<meta property=\"article:publisher\" content=\"https:\/\/www.facebook.com\/TeenChallengePuertoRico\" \/>\n<meta property=\"article:modified_time\" content=\"2024-01-05T16:16:55+00:00\" \/>\n<meta property=\"og:image\" content=\"https:\/\/teenchallengepr.org\/wp-content\/uploads\/2021\/09\/El-Morro-Puerto-Rico-teenchalenge.jpg\" \/>\n\t<meta property=\"og:image:width\" content=\"640\" \/>\n\t<meta property=\"og:image:height\" content=\"480\" \/>\n\t<meta property=\"og:image:type\" content=\"image\/jpeg\" \/>\n<meta name=\"twitter:card\" content=\"summary_large_image\" \/>\n<meta name=\"twitter:label1\" content=\"Est. reading time\" \/>\n\t<meta name=\"twitter:data1\" content=\"4 minutes\" \/>\n<script type=\"application\/ld+json\" class=\"yoast-schema-graph\">{\"@context\":\"https:\/\/schema.org\",\"@graph\":[{\"@type\":\"WebPage\",\"@id\":\"https:\/\/teenchallengepr.org\/politica-privacidad\/\",\"url\":\"https:\/\/teenchallengepr.org\/politica-privacidad\/\",\"name\":\"Pol\u00edtica de privacidad - TEEN CHALLENGE PUERTO RICO\",\"isPartOf\":{\"@id\":\"https:\/\/teenchallengepr.org\/#website\"},\"datePublished\":\"2020-04-07T19:13:14+00:00\",\"dateModified\":\"2024-01-05T16:16:55+00:00\",\"breadcrumb\":{\"@id\":\"https:\/\/teenchallengepr.org\/politica-privacidad\/#breadcrumb\"},\"inLanguage\":\"en-US\",\"potentialAction\":[{\"@type\":\"ReadAction\",\"target\":[\"https:\/\/teenchallengepr.org\/politica-privacidad\/\"]}]},{\"@type\":\"BreadcrumbList\",\"@id\":\"https:\/\/teenchallengepr.org\/politica-privacidad\/#breadcrumb\",\"itemListElement\":[{\"@type\":\"ListItem\",\"position\":1,\"name\":\"Portada\",\"item\":\"https:\/\/teenchallengepr.org\/\"},{\"@type\":\"ListItem\",\"position\":2,\"name\":\"Pol\u00edtica de privacidad\"}]},{\"@type\":\"WebSite\",\"@id\":\"https:\/\/teenchallengepr.org\/#website\",\"url\":\"https:\/\/teenchallengepr.org\/\",\"name\":\"TEEN CHALLENGE PUERTO RICO\",\"description\":\"Poniendo la Esperanza al Alcance de Todos\",\"publisher\":{\"@id\":\"https:\/\/teenchallengepr.org\/#organization\"},\"alternateName\":\"TEEN CHALLENGE PUERTO RICO\",\"potentialAction\":[{\"@type\":\"SearchAction\",\"target\":{\"@type\":\"EntryPoint\",\"urlTemplate\":\"https:\/\/teenchallengepr.org\/?s={search_term_string}\"},\"query-input\":{\"@type\":\"PropertyValueSpecification\",\"valueRequired\":true,\"valueName\":\"search_term_string\"}}],\"inLanguage\":\"en-US\"},{\"@type\":\"Organization\",\"@id\":\"https:\/\/teenchallengepr.org\/#organization\",\"name\":\"Teen Challenge Puerto Rico\",\"alternateName\":\"Teen Challenge Puerto Rico\",\"url\":\"https:\/\/teenchallengepr.org\/\",\"logo\":{\"@type\":\"ImageObject\",\"inLanguage\":\"en-US\",\"@id\":\"https:\/\/teenchallengepr.org\/#\/schema\/logo\/image\/\",\"url\":\"https:\/\/teenchallengepr.org\/wp-content\/uploads\/2020\/05\/logo-medio-teen.png\",\"contentUrl\":\"https:\/\/teenchallengepr.org\/wp-content\/uploads\/2020\/05\/logo-medio-teen.png\",\"width\":559,\"height\":589,\"caption\":\"Teen Challenge Puerto Rico\"},\"image\":{\"@id\":\"https:\/\/teenchallengepr.org\/#\/schema\/logo\/image\/\"},\"sameAs\":[\"https:\/\/www.facebook.com\/TeenChallengePuertoRico\",\"https:\/\/www.instagram.com\/teenchallenge_puertorico\/\",\"https:\/\/www.pinterest.es\/tcpuertorico\/\"]}]}<\/script>\n<!-- \/ Yoast SEO plugin. -->","yoast_head_json":{"title":"Pol\u00edtica de privacidad - TEEN CHALLENGE PUERTO RICO","robots":{"index":"index","follow":"follow","max-snippet":"max-snippet:-1","max-image-preview":"max-image-preview:large","max-video-preview":"max-video-preview:-1"},"canonical":"https:\/\/teenchallengepr.org\/en\/politica-privacidad\/","og_locale":"en_US","og_type":"article","og_title":"Pol\u00edtica de privacidad - TEEN CHALLENGE PUERTO RICO","og_description":"Qui\u00e9nes somos La direcci\u00f3n de nuestra web es: https:\/\/teenchallengepr.org. Qu\u00e9 datos personales recogemos y por qu\u00e9 los recogemos Comentarios Cuando los visitantes dejan comentarios en la web, recopilamos los datos que se muestran en el formulario de comentarios, as\u00ed como la direcci\u00f3n IP del visitante y la cadena de agentes de usuario del navegador para [&hellip;]","og_url":"https:\/\/teenchallengepr.org\/en\/politica-privacidad\/","og_site_name":"TEEN CHALLENGE PUERTO RICO","article_publisher":"https:\/\/www.facebook.com\/TeenChallengePuertoRico","article_modified_time":"2024-01-05T16:16:55+00:00","og_image":[{"width":640,"height":480,"url":"https:\/\/teenchallengepr.org\/wp-content\/uploads\/2021\/09\/El-Morro-Puerto-Rico-teenchalenge.jpg","type":"image\/jpeg"}],"twitter_card":"summary_large_image","twitter_misc":{"Est. reading time":"4 minutes"},"schema":{"@context":"https:\/\/schema.org","@graph":[{"@type":"WebPage","@id":"https:\/\/teenchallengepr.org\/politica-privacidad\/","url":"https:\/\/teenchallengepr.org\/politica-privacidad\/","name":"Pol\u00edtica de privacidad - TEEN CHALLENGE PUERTO RICO","isPartOf":{"@id":"https:\/\/teenchallengepr.org\/#website"},"datePublished":"2020-04-07T19:13:14+00:00","dateModified":"2024-01-05T16:16:55+00:00","breadcrumb":{"@id":"https:\/\/teenchallengepr.org\/politica-privacidad\/#breadcrumb"},"inLanguage":"en-US","potentialAction":[{"@type":"ReadAction","target":["https:\/\/teenchallengepr.org\/politica-privacidad\/"]}]},{"@type":"BreadcrumbList","@id":"https:\/\/teenchallengepr.org\/politica-privacidad\/#breadcrumb","itemListElement":[{"@type":"ListItem","position":1,"name":"Portada","item":"https:\/\/teenchallengepr.org\/"},{"@type":"ListItem","position":2,"name":"Pol\u00edtica de privacidad"}]},{"@type":"WebSite","@id":"https:\/\/teenchallengepr.org\/#website","url":"https:\/\/teenchallengepr.org\/","name":"TEEN CHALLENGE PUERTO RICO","description":"Poniendo la Esperanza al Alcance de Todos","publisher":{"@id":"https:\/\/teenchallengepr.org\/#organization"},"alternateName":"TEEN CHALLENGE PUERTO RICO","potentialAction":[{"@type":"SearchAction","target":{"@type":"EntryPoint","urlTemplate":"https:\/\/teenchallengepr.org\/?s={search_term_string}"},"query-input":{"@type":"PropertyValueSpecification","valueRequired":true,"valueName":"search_term_string"}}],"inLanguage":"en-US"},{"@type":"Organization","@id":"https:\/\/teenchallengepr.org\/#organization","name":"Teen Challenge Puerto Rico","alternateName":"Teen Challenge Puerto Rico","url":"https:\/\/teenchallengepr.org\/","logo":{"@type":"ImageObject","inLanguage":"en-US","@id":"https:\/\/teenchallengepr.org\/#\/schema\/logo\/image\/","url":"https:\/\/teenchallengepr.org\/wp-content\/uploads\/2020\/05\/logo-medio-teen.png","contentUrl":"https:\/\/teenchallengepr.org\/wp-content\/uploads\/2020\/05\/logo-medio-teen.png","width":559,"height":589,"caption":"Teen Challenge Puerto Rico"},"image":{"@id":"https:\/\/teenchallengepr.org\/#\/schema\/logo\/image\/"},"sameAs":["https:\/\/www.facebook.com\/TeenChallengePuertoRico","https:\/\/www.instagram.com\/teenchallenge_puertorico\/","https:\/\/www.pinterest.es\/tcpuertorico\/"]}]}},"_links":{"self":[{"href":"https:\/\/teenchallengepr.org\/en\/wp-json\/wp\/v2\/pages\/3","targetHints":{"allow":["GET"]}}],"collection":[{"href":"https:\/\/teenchallengepr.org\/en\/wp-json\/wp\/v2\/pages"}],"about":[{"href":"https:\/\/teenchallengepr.org\/en\/wp-json\/wp\/v2\/types\/page"}],"author":[{"embeddable":true,"href":"https:\/\/teenchallengepr.org\/en\/wp-json\/wp\/v2\/users\/1"}],"replies":[{"embeddable":true,"href":"https:\/\/teenchallengepr.org\/en\/wp-json\/wp\/v2\/comments?post=3"}],"version-history":[{"count":1,"href":"https:\/\/teenchallengepr.org\/en\/wp-json\/wp\/v2\/pages\/3\/revisions"}],"predecessor-version":[{"id":9346,"href":"https:\/\/teenchallengepr.org\/en\/wp-json\/wp\/v2\/pages\/3\/revisions\/9346"}],"wp:attachment":[{"href":"https:\/\/teenchallengepr.org\/en\/wp-json\/wp\/v2\/media?parent=3"}],"curies":[{"name":"wp","href":"https:\/\/api.w.org\/{rel}","templated":true}]}}